{"id":195,"date":"2021-06-03T09:29:02","date_gmt":"2021-06-03T09:29:02","guid":{"rendered":"https:\/\/cardiodigital.it\/?page_id=195"},"modified":"2021-06-03T09:29:03","modified_gmt":"2021-06-03T09:29:03","slug":"holter-pressorio","status":"publish","type":"page","link":"https:\/\/cardiodigital.it\/?page_id=195","title":{"rendered":"Holter Pressorio"},"content":{"rendered":"\n\n\n<figure class=\"wp-block-image size-large\"><img loading=\"lazy\" decoding=\"async\" width=\"492\" height=\"427\" src=\"https:\/\/cardiodigital.it\/wp-content\/uploads\/2021\/06\/Cattura.jpg\" alt=\"\" class=\"wp-image-196\" srcset=\"https:\/\/cardiodigital.it\/wp-content\/uploads\/2021\/06\/Cattura.jpg 492w, https:\/\/cardiodigital.it\/wp-content\/uploads\/2021\/06\/Cattura-300x260.jpg 300w\" sizes=\"auto, (max-width: 492px) 100vw, 492px\" \/><\/figure>\n\n\n<h3>Walk200b \u00e8 un registratore per il monitoraggio della pressione arteriosa nelle 24 ore, o pi\u00f9. walk200b \u00e8 compatibile con i software di lettura e analisi CARDIOLINE\u00ae cubeabpm, per i quali si rimanda alla specifica documentazione.<\/h3>\n<h3>Walk200b \u00e8 un registratore semplice da usare, leggero ed compatto per massimizzare il comfort del paziente.<br \/>In particolare walk200b si caratterizza per:<br \/>&#8211; display LCD per la visualizzazione dei valori misurati e dei messaggi di servizio, funzionalit\u00e0 disabilitabile via software;<br \/>&#8211; connettivit\u00e0 evoluta verso il PC basata su tecnologia bluetooth standard;<br \/>&#8211; algoritmo auto adattante per il controllo del gonfiaggio del bracciale<br \/>&#8211; funzione di event marker e di inizio\/fine periodi di veglia e sonno;<br \/>&#8211; dimensioni contenute e silenziosit\u00e0 della pompa.<\/h3>","protected":false},"excerpt":{"rendered":"<p>Walk200b \u00e8 un registratore per il monitoraggio della pressione arteriosa nelle 24 ore, o pi\u00f9. walk200b \u00e8 compatibile con i software di lettura e analisi CARDIOLINE\u00ae cubeabpm, per i quali si rimanda alla specifica documentazione. Walk200b \u00e8 un registratore semplice da usare, leggero ed compatto per massimizzare il comfort del paziente.In particolare walk200b si caratterizza [&hellip;]<\/p>\n","protected":false},"author":1,"featured_media":0,"parent":0,"menu_order":0,"comment_status":"closed","ping_status":"closed","template":"","meta":{"footnotes":""},"class_list":["post-195","page","type-page","status-publish","hentry"],"yoast_head":"<!-- This site is optimized with the Yoast SEO plugin v22.9 - https:\/\/yoast.com\/wordpress\/plugins\/seo\/ -->\n<title>Holter Pressorio - CardioDigital<\/title>\n<meta name=\"robots\" content=\"index, follow, max-snippet:-1, max-image-preview:large, max-video-preview:-1\" \/>\n<link rel=\"canonical\" href=\"https:\/\/cardiodigital.it\/?page_id=195\" \/>\n<meta property=\"og:locale\" content=\"it_IT\" \/>\n<meta property=\"og:type\" content=\"article\" \/>\n<meta property=\"og:title\" content=\"Holter Pressorio - CardioDigital\" \/>\n<meta property=\"og:description\" content=\"Walk200b \u00e8 un registratore per il monitoraggio della pressione arteriosa nelle 24 ore, o pi\u00f9. walk200b \u00e8 compatibile con i software di lettura e analisi CARDIOLINE\u00ae cubeabpm, per i quali si rimanda alla specifica documentazione. Walk200b \u00e8 un registratore semplice da usare, leggero ed compatto per massimizzare il comfort del paziente.In particolare walk200b si caratterizza [&hellip;]\" \/>\n<meta property=\"og:url\" content=\"https:\/\/cardiodigital.it\/?page_id=195\" \/>\n<meta property=\"og:site_name\" content=\"CardioDigital\" \/>\n<meta property=\"article:modified_time\" content=\"2021-06-03T09:29:03+00:00\" \/>\n<meta property=\"og:image\" content=\"https:\/\/cardiodigital.it\/wp-content\/uploads\/2021\/06\/Cattura.jpg\" \/>\n<meta name=\"twitter:card\" content=\"summary_large_image\" \/>\n<meta name=\"twitter:label1\" content=\"Tempo di lettura stimato\" \/>\n\t<meta name=\"twitter:data1\" content=\"1 minuto\" \/>\n<script type=\"application\/ld+json\" class=\"yoast-schema-graph\">{\"@context\":\"https:\/\/schema.org\",\"@graph\":[{\"@type\":\"WebPage\",\"@id\":\"https:\/\/cardiodigital.it\/?page_id=195\",\"url\":\"https:\/\/cardiodigital.it\/?page_id=195\",\"name\":\"Holter Pressorio - CardioDigital\",\"isPartOf\":{\"@id\":\"https:\/\/cardiodigital.it\/#website\"},\"primaryImageOfPage\":{\"@id\":\"https:\/\/cardiodigital.it\/?page_id=195#primaryimage\"},\"image\":{\"@id\":\"https:\/\/cardiodigital.it\/?page_id=195#primaryimage\"},\"thumbnailUrl\":\"https:\/\/cardiodigital.it\/wp-content\/uploads\/2021\/06\/Cattura.jpg\",\"datePublished\":\"2021-06-03T09:29:02+00:00\",\"dateModified\":\"2021-06-03T09:29:03+00:00\",\"breadcrumb\":{\"@id\":\"https:\/\/cardiodigital.it\/?page_id=195#breadcrumb\"},\"inLanguage\":\"it-IT\",\"potentialAction\":[{\"@type\":\"ReadAction\",\"target\":[\"https:\/\/cardiodigital.it\/?page_id=195\"]}]},{\"@type\":\"ImageObject\",\"inLanguage\":\"it-IT\",\"@id\":\"https:\/\/cardiodigital.it\/?page_id=195#primaryimage\",\"url\":\"https:\/\/cardiodigital.it\/wp-content\/uploads\/2021\/06\/Cattura.jpg\",\"contentUrl\":\"https:\/\/cardiodigital.it\/wp-content\/uploads\/2021\/06\/Cattura.jpg\"},{\"@type\":\"BreadcrumbList\",\"@id\":\"https:\/\/cardiodigital.it\/?page_id=195#breadcrumb\",\"itemListElement\":[{\"@type\":\"ListItem\",\"position\":1,\"name\":\"Home\",\"item\":\"https:\/\/cardiodigital.it\/\"},{\"@type\":\"ListItem\",\"position\":2,\"name\":\"Holter Pressorio\"}]},{\"@type\":\"WebSite\",\"@id\":\"https:\/\/cardiodigital.it\/#website\",\"url\":\"https:\/\/cardiodigital.it\/\",\"name\":\"CardioDigital\",\"description\":\"\",\"publisher\":{\"@id\":\"https:\/\/cardiodigital.it\/#organization\"},\"potentialAction\":[{\"@type\":\"SearchAction\",\"target\":{\"@type\":\"EntryPoint\",\"urlTemplate\":\"https:\/\/cardiodigital.it\/?s={search_term_string}\"},\"query-input\":\"required name=search_term_string\"}],\"inLanguage\":\"it-IT\"},{\"@type\":\"Organization\",\"@id\":\"https:\/\/cardiodigital.it\/#organization\",\"name\":\"CardioDigital\",\"url\":\"https:\/\/cardiodigital.it\/\",\"logo\":{\"@type\":\"ImageObject\",\"inLanguage\":\"it-IT\",\"@id\":\"https:\/\/cardiodigital.it\/#\/schema\/logo\/image\/\",\"url\":\"https:\/\/cardiodigital.it\/wp-content\/uploads\/2022\/02\/cropped-logo-cardiodigital-NEW-OK-1.png\",\"contentUrl\":\"https:\/\/cardiodigital.it\/wp-content\/uploads\/2022\/02\/cropped-logo-cardiodigital-NEW-OK-1.png\",\"width\":280,\"height\":57,\"caption\":\"CardioDigital\"},\"image\":{\"@id\":\"https:\/\/cardiodigital.it\/#\/schema\/logo\/image\/\"}}]}<\/script>\n<!-- \/ Yoast SEO plugin. -->","yoast_head_json":{"title":"Holter Pressorio - CardioDigital","robots":{"index":"index","follow":"follow","max-snippet":"max-snippet:-1","max-image-preview":"max-image-preview:large","max-video-preview":"max-video-preview:-1"},"canonical":"https:\/\/cardiodigital.it\/?page_id=195","og_locale":"it_IT","og_type":"article","og_title":"Holter Pressorio - CardioDigital","og_description":"Walk200b \u00e8 un registratore per il monitoraggio della pressione arteriosa nelle 24 ore, o pi\u00f9. walk200b \u00e8 compatibile con i software di lettura e analisi CARDIOLINE\u00ae cubeabpm, per i quali si rimanda alla specifica documentazione. Walk200b \u00e8 un registratore semplice da usare, leggero ed compatto per massimizzare il comfort del paziente.In particolare walk200b si caratterizza [&hellip;]","og_url":"https:\/\/cardiodigital.it\/?page_id=195","og_site_name":"CardioDigital","article_modified_time":"2021-06-03T09:29:03+00:00","og_image":[{"url":"https:\/\/cardiodigital.it\/wp-content\/uploads\/2021\/06\/Cattura.jpg"}],"twitter_card":"summary_large_image","twitter_misc":{"Tempo di lettura stimato":"1 minuto"},"schema":{"@context":"https:\/\/schema.org","@graph":[{"@type":"WebPage","@id":"https:\/\/cardiodigital.it\/?page_id=195","url":"https:\/\/cardiodigital.it\/?page_id=195","name":"Holter Pressorio - CardioDigital","isPartOf":{"@id":"https:\/\/cardiodigital.it\/#website"},"primaryImageOfPage":{"@id":"https:\/\/cardiodigital.it\/?page_id=195#primaryimage"},"image":{"@id":"https:\/\/cardiodigital.it\/?page_id=195#primaryimage"},"thumbnailUrl":"https:\/\/cardiodigital.it\/wp-content\/uploads\/2021\/06\/Cattura.jpg","datePublished":"2021-06-03T09:29:02+00:00","dateModified":"2021-06-03T09:29:03+00:00","breadcrumb":{"@id":"https:\/\/cardiodigital.it\/?page_id=195#breadcrumb"},"inLanguage":"it-IT","potentialAction":[{"@type":"ReadAction","target":["https:\/\/cardiodigital.it\/?page_id=195"]}]},{"@type":"ImageObject","inLanguage":"it-IT","@id":"https:\/\/cardiodigital.it\/?page_id=195#primaryimage","url":"https:\/\/cardiodigital.it\/wp-content\/uploads\/2021\/06\/Cattura.jpg","contentUrl":"https:\/\/cardiodigital.it\/wp-content\/uploads\/2021\/06\/Cattura.jpg"},{"@type":"BreadcrumbList","@id":"https:\/\/cardiodigital.it\/?page_id=195#breadcrumb","itemListElement":[{"@type":"ListItem","position":1,"name":"Home","item":"https:\/\/cardiodigital.it\/"},{"@type":"ListItem","position":2,"name":"Holter Pressorio"}]},{"@type":"WebSite","@id":"https:\/\/cardiodigital.it\/#website","url":"https:\/\/cardiodigital.it\/","name":"CardioDigital","description":"","publisher":{"@id":"https:\/\/cardiodigital.it\/#organization"},"potentialAction":[{"@type":"SearchAction","target":{"@type":"EntryPoint","urlTemplate":"https:\/\/cardiodigital.it\/?s={search_term_string}"},"query-input":"required name=search_term_string"}],"inLanguage":"it-IT"},{"@type":"Organization","@id":"https:\/\/cardiodigital.it\/#organization","name":"CardioDigital","url":"https:\/\/cardiodigital.it\/","logo":{"@type":"ImageObject","inLanguage":"it-IT","@id":"https:\/\/cardiodigital.it\/#\/schema\/logo\/image\/","url":"https:\/\/cardiodigital.it\/wp-content\/uploads\/2022\/02\/cropped-logo-cardiodigital-NEW-OK-1.png","contentUrl":"https:\/\/cardiodigital.it\/wp-content\/uploads\/2022\/02\/cropped-logo-cardiodigital-NEW-OK-1.png","width":280,"height":57,"caption":"CardioDigital"},"image":{"@id":"https:\/\/cardiodigital.it\/#\/schema\/logo\/image\/"}}]}},"_links":{"self":[{"href":"https:\/\/cardiodigital.it\/index.php?rest_route=\/wp\/v2\/pages\/195","targetHints":{"allow":["GET"]}}],"collection":[{"href":"https:\/\/cardiodigital.it\/index.php?rest_route=\/wp\/v2\/pages"}],"about":[{"href":"https:\/\/cardiodigital.it\/index.php?rest_route=\/wp\/v2\/types\/page"}],"author":[{"embeddable":true,"href":"https:\/\/cardiodigital.it\/index.php?rest_route=\/wp\/v2\/users\/1"}],"replies":[{"embeddable":true,"href":"https:\/\/cardiodigital.it\/index.php?rest_route=%2Fwp%2Fv2%2Fcomments&post=195"}],"version-history":[{"count":1,"href":"https:\/\/cardiodigital.it\/index.php?rest_route=\/wp\/v2\/pages\/195\/revisions"}],"predecessor-version":[{"id":198,"href":"https:\/\/cardiodigital.it\/index.php?rest_route=\/wp\/v2\/pages\/195\/revisions\/198"}],"wp:attachment":[{"href":"https:\/\/cardiodigital.it\/index.php?rest_route=%2Fwp%2Fv2%2Fmedia&parent=195"}],"curies":[{"name":"wp","href":"https:\/\/api.w.org\/{rel}","templated":true}]}}